{"id":407,"date":"2020-02-26T15:24:55","date_gmt":"2020-02-26T14:24:55","guid":{"rendered":"http:\/\/cliniqueveterinairemistral.com\/?page_id=407"},"modified":"2022-06-22T10:39:25","modified_gmt":"2022-06-22T08:39:25","slug":"mascottes","status":"publish","type":"page","link":"https:\/\/cliniqueveterinairemistral.com\/index.php\/mascottes\/","title":{"rendered":"Mascotte(s)"},"content":{"rendered":"\n<p> Apr\u00e8s le d\u00e9part de notre regrett\u00e9 \u00ab&nbsp;Titou&nbsp;\u00bb dans sa 17\u00e8me ann\u00e9e vers  le  paradis des chats, nous avons eu le plaisir d\u2019accueillir \u00ab&nbsp;Didou&nbsp;\u00bb,   qui nous t\u00e9moigne chaque jour toute son affection. <\/p>\n\n\n\n<figure class=\"wp-block-image size-large is-resized\"><img loading=\"lazy\" decoding=\"async\" src=\"https:\/\/cliniqueveterinairemistral.com\/wp-content\/uploads\/2020\/02\/IMG_20191127_163706-768x1024.jpg\" alt=\"\" class=\"wp-image-384\" width=\"224\" height=\"299\" srcset=\"https:\/\/cliniqueveterinairemistral.com\/wp-content\/uploads\/2020\/02\/IMG_20191127_163706-768x1024.jpg 768w, https:\/\/cliniqueveterinairemistral.com\/wp-content\/uploads\/2020\/02\/IMG_20191127_163706-225x300.jpg 225w, https:\/\/cliniqueveterinairemistral.com\/wp-content\/uploads\/2020\/02\/IMG_20191127_163706-1152x1536.jpg 1152w, https:\/\/cliniqueveterinairemistral.com\/wp-content\/uploads\/2020\/02\/IMG_20191127_163706-1536x2048.jpg 1536w, https:\/\/cliniqueveterinairemistral.com\/wp-content\/uploads\/2020\/02\/IMG_20191127_163706-263x350.jpg 263w, https:\/\/cliniqueveterinairemistral.com\/wp-content\/uploads\/2020\/02\/IMG_20191127_163706-scaled.jpg 1920w\" sizes=\"auto, (max-width: 224px) 100vw, 224px\" \/><\/figure>\n","protected":false},"excerpt":{"rendered":"<p>Apr\u00e8s le d\u00e9part de notre regrett\u00e9 \u00ab&nbsp;Titou&nbsp;\u00bb dans sa 17\u00e8me ann\u00e9e vers le paradis des chats, nous avons eu le plaisir d\u2019accueillir \u00ab&nbsp;Didou&nbsp;\u00bb, qui nous t\u00e9moigne chaque jour toute son affection.<\/p>\n","protected":false},"author":1,"featured_media":0,"parent":0,"menu_order":0,"comment_status":"closed","ping_status":"closed","template":"","meta":{"footnotes":""},"class_list":["post-407","page","type-page","status-publish","hentry"],"_links":{"self":[{"href":"https:\/\/cliniqueveterinairemistral.com\/index.php\/wp-json\/wp\/v2\/pages\/407","targetHints":{"allow":["GET"]}}],"collection":[{"href":"https:\/\/cliniqueveterinairemistral.com\/index.php\/wp-json\/wp\/v2\/pages"}],"about":[{"href":"https:\/\/cliniqueveterinairemistral.com\/index.php\/wp-json\/wp\/v2\/types\/page"}],"author":[{"embeddable":true,"href":"https:\/\/cliniqueveterinairemistral.com\/index.php\/wp-json\/wp\/v2\/users\/1"}],"replies":[{"embeddable":true,"href":"https:\/\/cliniqueveterinairemistral.com\/index.php\/wp-json\/wp\/v2\/comments?post=407"}],"version-history":[{"count":5,"href":"https:\/\/cliniqueveterinairemistral.com\/index.php\/wp-json\/wp\/v2\/pages\/407\/revisions"}],"predecessor-version":[{"id":497,"href":"https:\/\/cliniqueveterinairemistral.com\/index.php\/wp-json\/wp\/v2\/pages\/407\/revisions\/497"}],"wp:attachment":[{"href":"https:\/\/cliniqueveterinairemistral.com\/index.php\/wp-json\/wp\/v2\/media?parent=407"}],"curies":[{"name":"wp","href":"https:\/\/api.w.org\/{rel}","templated":true}]}}